{"id":36310,"date":"2023-02-03T11:29:04","date_gmt":"2023-02-03T10:29:04","guid":{"rendered":"https:\/\/devwpml24.hydroathome.be\/p\/non%20class\u00e9\/hydrosoft-100bs\/"},"modified":"2025-11-14T12:39:42","modified_gmt":"2025-11-14T11:39:42","slug":"hydrosoft-100bs-adoucisseur-deau","status":"publish","type":"product","link":"https:\/\/hydroathome.be\/fr-be\/p\/adoucisseur-deau\/hydrosoft-100bs-adoucisseur-deau\/","title":{"rendered":"Adoucisseur d&rsquo;eau Hydrosoft 100BLS"},"content":{"rendered":"","protected":false},"excerpt":{"rendered":"<p><span data-contrast=\"none\">Adoucisseur d\u2019eau avec petit r\u00e9servoir de sel s\u00e9par\u00e9. Ce r\u00e9servoir peut \u00eatre install\u00e9 jusqu\u2019\u00e0 trois m\u00e8tres de l\u2019adoucisseur. L\u2019adoucisseur d\u2019eau Hydrosoft 100BLS convient parfaitement aux espaces restreints tels que des armoires de compteurs et des puits. Vous n\u2019avez pas beaucoup de place ? Dans ce cas, cet adoucisseur est fait pour vous. <\/span><\/p>\n<p><small>*Le prix comprend l&rsquo;appareil, l&rsquo;installation standard en Belgique et 25 kg de sel. Le <strong style=\"display: unset;\">prix indiqu\u00e9 inclut 6% de TVA <\/strong>(maison de plus de 10 ans). 21% de TVA (pour les nouveaux b\u00e2timents)<\/small><\/p>\n","protected":false},"featured_media":46238,"comment_status":"closed","ping_status":"closed","template":"","meta":{"content-type":"","_kad_blocks_custom_css":"","_kad_blocks_head_custom_js":"","_kad_blocks_body_custom_js":"","_kad_blocks_footer_custom_js":"","_kad_post_transparent":"default","_kad_post_title":"","_kad_post_layout":"default","_kad_post_sidebar_id":"","_kad_post_content_style":"default","_kad_post_vertical_padding":"default","_kad_post_feature":"","_kad_post_feature_position":"","_kad_post_header":false,"_kad_post_footer":false,"_kad_post_classname":""},"product_brand":[],"product_cat":[411],"product_tag":[],"class_list":{"0":"post-36310","1":"product","2":"type-product","3":"status-publish","4":"has-post-thumbnail","6":"product_cat-adoucisseur-deau","8":"first","9":"instock","10":"shipping-taxable","11":"purchasable","12":"product-type-simple","13":"entry","14":"content-bg","15":"loop-entry"},"taxonomy_info":{"product_cat":[{"value":411,"label":"Gamme Adoucisseur d\u2019eau"}]},"featured_image_src_large":["https:\/\/hydroathome.be\/wp-content\/uploads\/2023\/02\/BF-products_100BLS-1024x1024.webp",1024,1024,true],"author_info":[],"comment_info":0,"_links":{"self":[{"href":"https:\/\/hydroathome.be\/fr-be\/wp-json\/wp\/v2\/product\/36310","targetHints":{"allow":["GET"]}}],"collection":[{"href":"https:\/\/hydroathome.be\/fr-be\/wp-json\/wp\/v2\/product"}],"about":[{"href":"https:\/\/hydroathome.be\/fr-be\/wp-json\/wp\/v2\/types\/product"}],"replies":[{"embeddable":true,"href":"https:\/\/hydroathome.be\/fr-be\/wp-json\/wp\/v2\/comments?post=36310"}],"wp:featuredmedia":[{"embeddable":true,"href":"https:\/\/hydroathome.be\/fr-be\/wp-json\/wp\/v2\/media\/46238"}],"wp:attachment":[{"href":"https:\/\/hydroathome.be\/fr-be\/wp-json\/wp\/v2\/media?parent=36310"}],"wp:term":[{"taxonomy":"product_brand","embeddable":true,"href":"https:\/\/hydroathome.be\/fr-be\/wp-json\/wp\/v2\/product_brand?post=36310"},{"taxonomy":"product_cat","embeddable":true,"href":"https:\/\/hydroathome.be\/fr-be\/wp-json\/wp\/v2\/product_cat?post=36310"},{"taxonomy":"product_tag","embeddable":true,"href":"https:\/\/hydroathome.be\/fr-be\/wp-json\/wp\/v2\/product_tag?post=36310"}],"curies":[{"name":"wp","href":"https:\/\/api.w.org\/{rel}","templated":true}]}}